{"id":809,"date":"2024-07-18T04:05:42","date_gmt":"2024-07-18T04:05:42","guid":{"rendered":"https:\/\/senvix.io\/a-propos-de-nous\/"},"modified":"2026-03-02T18:01:44","modified_gmt":"2026-03-02T18:01:44","slug":"a-propos-de-nous","status":"publish","type":"page","link":"https:\/\/swapadipexai.io\/fr\/a-propos-de-nous\/","title":{"rendered":"\u00c0 propos de nous"},"content":{"rendered":"\t\t<div data-elementor-type=\"wp-page\" data-elementor-id=\"809\" class=\"elementor elementor-809 elementor-115\" data-elementor-settings=\"{&quot;ha_cmc_init_switcher&quot;:&quot;no&quot;}\" data-elementor-post-type=\"page\">\n\t\t\t\t\t\t<section class=\"elementor-section elementor-top-section elementor-element elementor-element-41e0ecf8 elementor-section-full_width elementor-section-height-default elementor-section-height-default\" data-id=\"41e0ecf8\" data-element_type=\"section\" data-e-type=\"section\" data-settings=\"{&quot;background_background&quot;:&quot;classic&quot;,&quot;_ha_eqh_enable&quot;:false}\">\n\t\t\t\t\t\t<div class=\"elementor-container elementor-column-gap-default\">\n\t\t\t\t\t<div class=\"elementor-column elementor-col-100 elementor-top-column elementor-element elementor-element-649f7f45\" data-id=\"649f7f45\" data-element_type=\"column\" data-e-type=\"column\">\n\t\t\t<div class=\"elementor-widget-wrap elementor-element-populated\">\n\t\t\t\t\t\t<section class=\"elementor-section elementor-inner-section elementor-element elementor-element-5531f07 elementor-section-height-min-height elementor-section-content-middle elementor-section-boxed elementor-section-height-default\" data-id=\"5531f07\" data-element_type=\"section\" data-e-type=\"section\" data-settings=\"{&quot;background_background&quot;:&quot;classic&quot;,&quot;_ha_eqh_enable&quot;:false}\">\n\t\t\t\t\t\t<div class=\"elementor-container elementor-column-gap-default\">\n\t\t\t\t\t<div class=\"elementor-column elementor-col-50 elementor-inner-column elementor-element elementor-element-1b2eae28\" data-id=\"1b2eae28\" data-element_type=\"column\" data-e-type=\"column\">\n\t\t\t<div class=\"elementor-widget-wrap elementor-element-populated\">\n\t\t\t\t\t\t<div class=\"elementor-element elementor-element-1587547 elementor-widget elementor-widget-heading\" data-id=\"1587547\" data-element_type=\"widget\" data-e-type=\"widget\" data-widget_type=\"heading.default\">\n\t\t\t\t<div class=\"elementor-widget-container\">\n\t\t\t\t\t<h1 class=\"elementor-heading-title elementor-size-default\">\u00c0 propos de nous<\/h1>\t\t\t\t<\/div>\n\t\t\t\t<\/div>\n\t\t\t\t<div class=\"elementor-element elementor-element-45e2bc7b elementor-widget-mobile__width-inherit elementor-widget-tablet__width-initial elementor-widget elementor-widget-text-editor\" data-id=\"45e2bc7b\" data-element_type=\"widget\" data-e-type=\"widget\" data-widget_type=\"text-editor.default\">\n\t\t\t\t<div class=\"elementor-widget-container\">\n\t\t\t\t\t\t\t\t\t<div class=\"relative overflow-hidden bg-gradient-to-tr from-gray-900 to-gray-800\"><div class=\"relative pt-6 pb-16 sm:pb-24\"><div class=\"mt-16 sm:mt-24\"><div class=\"mx-auto max-w-7xl px-6 relative\"><div class=\"lg:grid lg:grid-cols-12 lg:gap-8 relative z-10\"><div class=\"text-center max-lg:mx-auto md:max-w-2xl lg:col-span-6 xl:col-span-7 lg:flex lg:items-center lg:text-left\"><div><div class=\"mt-3 text-base text-gray-300 prose md:prose-lg sm:mt-5 lg:mt-7 max-w-xl max-lg:mx-auto\"><p>R\u00e9unis des quatre coins du monde, nous sommes un groupe de traders exp\u00e9riment\u00e9s et de sp\u00e9cialistes de l&rsquo;IA qui ont uni leurs forces pour cr\u00e9er Swap Adipex AI, une plateforme de trading exceptionnelle, reconnue pour sa pr\u00e9cision et sa rapidit\u00e9.<\/p><\/div><\/div><\/div><\/div><\/div><\/div><\/div><\/div><div class=\"bg-white\"><div class=\"relative isolate -z-10 overflow-hidden bg-gradient-to-b from-emerald-100\/20\"> <\/div><\/div>\t\t\t\t\t\t\t\t<\/div>\n\t\t\t\t<\/div>\n\t\t\t\t\t<\/div>\n\t\t<\/div>\n\t\t\t\t<div class=\"elementor-column elementor-col-50 elementor-inner-column elementor-element elementor-element-6c186ee3 elementor-hidden-desktop elementor-hidden-tablet\" data-id=\"6c186ee3\" data-element_type=\"column\" data-e-type=\"column\">\n\t\t\t<div class=\"elementor-widget-wrap\">\n\t\t\t\t\t\t\t<\/div>\n\t\t<\/div>\n\t\t\t\t\t<\/div>\n\t\t<\/section>\n\t\t\t\t\t<\/div>\n\t\t<\/div>\n\t\t\t\t\t<\/div>\n\t\t<\/section>\n\t\t\t\t<section class=\"elementor-section elementor-top-section elementor-element elementor-element-7058c9b0 elementor-section-boxed elementor-section-height-default elementor-section-height-default\" data-id=\"7058c9b0\" data-element_type=\"section\" data-e-type=\"section\" data-settings=\"{&quot;_ha_eqh_enable&quot;:false}\">\n\t\t\t\t\t\t<div class=\"elementor-container elementor-column-gap-narrow\">\n\t\t\t\t\t<div class=\"elementor-column elementor-col-50 elementor-top-column elementor-element elementor-element-49c4971e\" data-id=\"49c4971e\" data-element_type=\"column\" data-e-type=\"column\">\n\t\t\t<div class=\"elementor-widget-wrap elementor-element-populated\">\n\t\t\t\t\t\t<div class=\"elementor-element elementor-element-62eefd44 elementor-widget__width-initial elementor-widget-mobile__width-inherit elementor-widget elementor-widget-heading\" data-id=\"62eefd44\" data-element_type=\"widget\" data-e-type=\"widget\" data-widget_type=\"heading.default\">\n\t\t\t\t<div class=\"elementor-widget-container\">\n\t\t\t\t\t<h2 class=\"elementor-heading-title elementor-size-default\">En substance, nous sommes un ensemble d'experts enthousiastes issus des quatre coins du monde, unis par une aspiration commune \u00e0 fa\u00e7onner l'avenir du trading.<\/h2>\t\t\t\t<\/div>\n\t\t\t\t<\/div>\n\t\t\t\t<div class=\"elementor-element elementor-element-17c6ce29 elementor-widget elementor-widget-text-editor\" data-id=\"17c6ce29\" data-element_type=\"widget\" data-e-type=\"widget\" data-widget_type=\"text-editor.default\">\n\t\t\t\t<div class=\"elementor-widget-container\">\n\t\t\t\t\t\t\t\t\t<p class=\"st-hover\">L&rsquo;\u00e9quipe de Swap Adipex AI s&rsquo;engage pleinement \u00e0 transformer le paysage du trading en exploitant le potentiel de l&rsquo;intelligence artificielle. Nous sommes convaincus qu&rsquo;en fusionnant la comp\u00e9tence d&rsquo;investisseurs chevronn\u00e9s avec les avanc\u00e9es technologiques de pointe, nous pouvons cr\u00e9er une plateforme de trading offrant une pr\u00e9cision, une rapidit\u00e9 et une rentabilit\u00e9 in\u00e9gal\u00e9es. <\/p>\t\t\t\t\t\t\t\t<\/div>\n\t\t\t\t<\/div>\n\t\t\t\t<div class=\"elementor-element elementor-element-5c81a6cc elementor-widget elementor-widget-text-editor\" data-id=\"5c81a6cc\" data-element_type=\"widget\" data-e-type=\"widget\" data-widget_type=\"text-editor.default\">\n\t\t\t\t<div class=\"elementor-widget-container\">\n\t\t\t\t\t\t\t\t\t<div class=\"pt-6 max-w-xl lg:mt-0 xl:col-end-1 xl:row-start-1 prose lg:prose-lg\"><div class=\"pt-6 max-w-xl lg:mt-0 xl:col-end-1 xl:row-start-1 prose lg:prose-lg\"><p class=\"st-hover\">Notre \u00e9quipe d&rsquo;experts d\u00e9vou\u00e9s, originaires de diverses r\u00e9gions du monde, apporte un point de vue unique au conseil d&rsquo;administration, et nous nous effor\u00e7ons sans rel\u00e2che de rester \u00e0 la pointe de l&rsquo;innovation, en int\u00e9grant les derni\u00e8res avanc\u00e9es en intelligence artificielle et en finance dans notre plateforme. Nous sommes convaincus que la fusion du meilleur de l&rsquo;intellect humain et de l&rsquo;intelligence robotique peut inaugurer une exp\u00e9rience de trading tout simplement r\u00e9volutionnaire. <\/p><\/div><\/div><div class=\"mt-10 aspect-[6\/5] w-full max-w-lg rounded-2xl sm:mt-16 lg:mt-0 lg:max-w-none xl:row-span-2 xl:row-end-2 xl:mt-36 relative overflow-hidden\"><picture><source srcset=\"https:\/\/quantumaiplatform.com\/wp-content\/uploads\/2023\/12\/quantum-ai-1024x576.jpg.webp\" type=\"image\/webp\" data-srcset=\"https:\/\/quantumaiplatform.com\/wp-content\/uploads\/2023\/12\/quantum-ai-1024x576.jpg.webp\"><\/source><\/picture><\/div>\t\t\t\t\t\t\t\t<\/div>\n\t\t\t\t<\/div>\n\t\t\t\t\t<\/div>\n\t\t<\/div>\n\t\t\t\t<div class=\"elementor-column elementor-col-50 elementor-top-column elementor-element elementor-element-1db5388b\" data-id=\"1db5388b\" data-element_type=\"column\" data-e-type=\"column\">\n\t\t\t<div class=\"elementor-widget-wrap elementor-element-populated\">\n\t\t\t\t\t\t<div class=\"elementor-element elementor-element-2b4ccdaa elementor-widget__width-initial elementor-widget-mobile__width-inherit elementor-widget-tablet__width-initial elementor-widget elementor-widget-image\" data-id=\"2b4ccdaa\" data-element_type=\"widget\" data-e-type=\"widget\" data-widget_type=\"image.default\">\n\t\t\t\t<div class=\"elementor-widget-container\">\n\t\t\t\t\t\t\t\t\t\t\t\t\t\t\t<img fetchpriority=\"high\" decoding=\"async\" width=\"800\" height=\"534\" src=\"https:\/\/swapadipexai.io\/wp-content\/uploads\/2024\/07\/ourteam-1024x683-1.webp\" class=\"attachment-large size-large wp-image-810\" alt=\"\u00e0 propos de nous chez bit eprex\" srcset=\"https:\/\/swapadipexai.io\/wp-content\/uploads\/2024\/07\/ourteam-1024x683-1.webp 1024w, https:\/\/swapadipexai.io\/wp-content\/uploads\/2024\/07\/ourteam-1024x683-1-300x200.webp 300w, https:\/\/swapadipexai.io\/wp-content\/uploads\/2024\/07\/ourteam-1024x683-1-768x512.webp 768w\" sizes=\"(max-width: 800px) 100vw, 800px\" \/>\t\t\t\t\t\t\t\t\t\t\t\t\t\t\t<\/div>\n\t\t\t\t<\/div>\n\t\t\t\t\t<\/div>\n\t\t<\/div>\n\t\t\t\t\t<\/div>\n\t\t<\/section>\n\t\t\t\t<section class=\"elementor-section elementor-top-section elementor-element elementor-element-300c911c elementor-hidden-tablet elementor-section-boxed elementor-section-height-default elementor-section-height-default elementor-invisible\" data-id=\"300c911c\" data-element_type=\"section\" data-e-type=\"section\" data-settings=\"{&quot;animation&quot;:&quot;fadeInUp&quot;,&quot;_ha_eqh_enable&quot;:false}\">\n\t\t\t\t\t\t<div class=\"elementor-container elementor-column-gap-default\">\n\t\t\t\t\t<div class=\"elementor-column elementor-col-25 elementor-top-column elementor-element elementor-element-60b9c353\" data-id=\"60b9c353\" data-element_type=\"column\" data-e-type=\"column\">\n\t\t\t<div class=\"elementor-widget-wrap elementor-element-populated\">\n\t\t\t\t\t\t<div class=\"elementor-element elementor-element-143f494b elementor-widget__width-auto elementor-widget elementor-widget-text-editor\" data-id=\"143f494b\" data-element_type=\"widget\" data-e-type=\"widget\" data-widget_type=\"text-editor.default\">\n\t\t\t\t<div class=\"elementor-widget-container\">\n\t\t\t\t\t\t\t\t\t<p>.<\/p>\t\t\t\t\t\t\t\t<\/div>\n\t\t\t\t<\/div>\n\t\t\t\t<div class=\"elementor-element elementor-element-7bf8dc5a elementor-widget__width-auto elementor-widget elementor-widget-text-editor\" data-id=\"7bf8dc5a\" data-element_type=\"widget\" data-e-type=\"widget\" data-widget_type=\"text-editor.default\">\n\t\t\t\t<div class=\"elementor-widget-container\">\n\t\t\t\t\t\t\t\t\t<p>Ao\u00fbt 2020<\/p>\t\t\t\t\t\t\t\t<\/div>\n\t\t\t\t<\/div>\n\t\t\t\t<div class=\"elementor-element elementor-element-22fd32f1 elementor-widget__width-initial elementor-widget-divider--view-line elementor-widget elementor-widget-divider\" data-id=\"22fd32f1\" data-element_type=\"widget\" data-e-type=\"widget\" data-widget_type=\"divider.default\">\n\t\t\t\t<div class=\"elementor-widget-container\">\n\t\t\t\t\t\t\t<div class=\"elementor-divider\">\n\t\t\t<span class=\"elementor-divider-separator\">\n\t\t\t\t\t\t<\/span>\n\t\t<\/div>\n\t\t\t\t\t\t<\/div>\n\t\t\t\t<\/div>\n\t\t\t\t<div class=\"elementor-element elementor-element-103cc28c elementor-widget__width-initial elementor-widget elementor-widget-heading\" data-id=\"103cc28c\" data-element_type=\"widget\" data-e-type=\"widget\" data-widget_type=\"heading.default\">\n\t\t\t\t<div class=\"elementor-widget-container\">\n\t\t\t\t\t<h2 class=\"elementor-heading-title elementor-size-default\">Soci\u00e9t\u00e9 fond\u00e9e<\/h2>\t\t\t\t<\/div>\n\t\t\t\t<\/div>\n\t\t\t\t<div class=\"elementor-element elementor-element-114d918 elementor-widget elementor-widget-text-editor\" data-id=\"114d918\" data-element_type=\"widget\" data-e-type=\"widget\" data-widget_type=\"text-editor.default\">\n\t\t\t\t<div class=\"elementor-widget-container\">\n\t\t\t\t\t\t\t\t\t<div class=\"st-current\"><div class=\"mt-1 text-base prose text-gray-600\"><p class=\"st-hover\">Swap Adipex AI a \u00e9t\u00e9 cr\u00e9\u00e9e avec un objectif unique et audacieux : bouleverser le secteur du trading en tirant parti de l&rsquo;incroyable puissance de l&rsquo;intelligence artificielle.<\/p><\/div><\/div>\t\t\t\t\t\t\t\t<\/div>\n\t\t\t\t<\/div>\n\t\t\t\t\t<\/div>\n\t\t<\/div>\n\t\t\t\t<div class=\"elementor-column elementor-col-25 elementor-top-column elementor-element elementor-element-274989a0\" data-id=\"274989a0\" data-element_type=\"column\" data-e-type=\"column\">\n\t\t\t<div class=\"elementor-widget-wrap elementor-element-populated\">\n\t\t\t\t\t\t<div class=\"elementor-element elementor-element-3541d034 elementor-widget__width-auto elementor-widget elementor-widget-text-editor\" data-id=\"3541d034\" data-element_type=\"widget\" data-e-type=\"widget\" data-widget_type=\"text-editor.default\">\n\t\t\t\t<div class=\"elementor-widget-container\">\n\t\t\t\t\t\t\t\t\t<p>.<\/p>\t\t\t\t\t\t\t\t<\/div>\n\t\t\t\t<\/div>\n\t\t\t\t<div class=\"elementor-element elementor-element-a193da8 elementor-widget__width-auto elementor-widget elementor-widget-text-editor\" data-id=\"a193da8\" data-element_type=\"widget\" data-e-type=\"widget\" data-widget_type=\"text-editor.default\">\n\t\t\t\t<div class=\"elementor-widget-container\">\n\t\t\t\t\t\t\t\t\t<p>Janvier 2021<\/p>\t\t\t\t\t\t\t\t<\/div>\n\t\t\t\t<\/div>\n\t\t\t\t<div class=\"elementor-element elementor-element-59ab3245 elementor-widget__width-initial elementor-widget-divider--view-line elementor-widget elementor-widget-divider\" data-id=\"59ab3245\" data-element_type=\"widget\" data-e-type=\"widget\" data-widget_type=\"divider.default\">\n\t\t\t\t<div class=\"elementor-widget-container\">\n\t\t\t\t\t\t\t<div class=\"elementor-divider\">\n\t\t\t<span class=\"elementor-divider-separator\">\n\t\t\t\t\t\t<\/span>\n\t\t<\/div>\n\t\t\t\t\t\t<\/div>\n\t\t\t\t<\/div>\n\t\t\t\t<div class=\"elementor-element elementor-element-66cb5918 elementor-widget__width-initial elementor-widget elementor-widget-heading\" data-id=\"66cb5918\" data-element_type=\"widget\" data-e-type=\"widget\" data-widget_type=\"heading.default\">\n\t\t\t\t<div class=\"elementor-widget-container\">\n\t\t\t\t\t<h2 class=\"elementor-heading-title elementor-size-default\">Obtention de 5 millions de dollars de financement<\/h2>\t\t\t\t<\/div>\n\t\t\t\t<\/div>\n\t\t\t\t<div class=\"elementor-element elementor-element-53cc6c77 elementor-widget elementor-widget-text-editor\" data-id=\"53cc6c77\" data-element_type=\"widget\" data-e-type=\"widget\" data-widget_type=\"text-editor.default\">\n\t\t\t\t<div class=\"elementor-widget-container\">\n\t\t\t\t\t\t\t\t\t<div class=\"\"><div class=\"mt-1 text-base prose text-gray-600\"><p class=\"st-hover\">Gr\u00e2ce \u00e0 l&rsquo;obtention d&rsquo;un solide financement de 5 millions de dollars, nous avons pu affiner notre plateforme et \u00e9largir notre \u00e9quipe d&rsquo;experts exceptionnelle.<\/p><\/div><\/div><p> <\/p><p> <\/p>\t\t\t\t\t\t\t\t<\/div>\n\t\t\t\t<\/div>\n\t\t\t\t\t<\/div>\n\t\t<\/div>\n\t\t\t\t<div class=\"elementor-column elementor-col-25 elementor-top-column elementor-element elementor-element-2ef80637\" data-id=\"2ef80637\" data-element_type=\"column\" data-e-type=\"column\">\n\t\t\t<div class=\"elementor-widget-wrap elementor-element-populated\">\n\t\t\t\t\t\t<div class=\"elementor-element elementor-element-6c1f8181 elementor-widget__width-auto elementor-widget elementor-widget-text-editor\" data-id=\"6c1f8181\" data-element_type=\"widget\" data-e-type=\"widget\" data-widget_type=\"text-editor.default\">\n\t\t\t\t<div class=\"elementor-widget-container\">\n\t\t\t\t\t\t\t\t\t<p>.<\/p>\t\t\t\t\t\t\t\t<\/div>\n\t\t\t\t<\/div>\n\t\t\t\t<div class=\"elementor-element elementor-element-41323593 elementor-widget__width-initial elementor-widget elementor-widget-text-editor\" data-id=\"41323593\" data-element_type=\"widget\" data-e-type=\"widget\" data-widget_type=\"text-editor.default\">\n\t\t\t\t<div class=\"elementor-widget-container\">\n\t\t\t\t\t\t\t\t\t<p>D\u00e9cembre 2021<\/p>\t\t\t\t\t\t\t\t<\/div>\n\t\t\t\t<\/div>\n\t\t\t\t<div class=\"elementor-element elementor-element-55988794 elementor-widget__width-initial elementor-widget-divider--view-line elementor-widget elementor-widget-divider\" data-id=\"55988794\" data-element_type=\"widget\" data-e-type=\"widget\" data-widget_type=\"divider.default\">\n\t\t\t\t<div class=\"elementor-widget-container\">\n\t\t\t\t\t\t\t<div class=\"elementor-divider\">\n\t\t\t<span class=\"elementor-divider-separator\">\n\t\t\t\t\t\t<\/span>\n\t\t<\/div>\n\t\t\t\t\t\t<\/div>\n\t\t\t\t<\/div>\n\t\t\t\t<div class=\"elementor-element elementor-element-4fd06153 elementor-widget__width-initial elementor-widget elementor-widget-heading\" data-id=\"4fd06153\" data-element_type=\"widget\" data-e-type=\"widget\" data-widget_type=\"heading.default\">\n\t\t\t\t<div class=\"elementor-widget-container\">\n\t\t\t\t\t<h2 class=\"elementor-heading-title elementor-size-default\">Lancement de la version b\u00eata<\/h2>\t\t\t\t<\/div>\n\t\t\t\t<\/div>\n\t\t\t\t<div class=\"elementor-element elementor-element-372ed9c7 elementor-widget elementor-widget-text-editor\" data-id=\"372ed9c7\" data-element_type=\"widget\" data-e-type=\"widget\" data-widget_type=\"text-editor.default\">\n\t\t\t\t<div class=\"elementor-widget-container\">\n\t\t\t\t\t\t\t\t\t<div class=\"st-current\"><div class=\"mt-1 text-base prose text-gray-600\"><p class=\"\">Nous avons d\u00e9ploy\u00e9 la version b\u00eata de Swap Adipex AI aupr\u00e8s d&rsquo;une base d&rsquo;utilisateurs s\u00e9lectionn\u00e9e, leur offrant l&rsquo;opportunit\u00e9 d&rsquo;exp\u00e9rimenter et d&rsquo;\u00e9valuer la plateforme, et de fournir des retours inestimables \u00e0 notre \u00e9quipe de d\u00e9veloppement d\u00e9di\u00e9e.<\/p><\/div><\/div>\t\t\t\t\t\t\t\t<\/div>\n\t\t\t\t<\/div>\n\t\t\t\t\t<\/div>\n\t\t<\/div>\n\t\t\t\t<div class=\"elementor-column elementor-col-25 elementor-top-column elementor-element elementor-element-2390ad0b\" data-id=\"2390ad0b\" data-element_type=\"column\" data-e-type=\"column\">\n\t\t\t<div class=\"elementor-widget-wrap elementor-element-populated\">\n\t\t\t\t\t\t<div class=\"elementor-element elementor-element-b4cb9a2 elementor-widget__width-auto elementor-widget elementor-widget-text-editor\" data-id=\"b4cb9a2\" data-element_type=\"widget\" data-e-type=\"widget\" data-widget_type=\"text-editor.default\">\n\t\t\t\t<div class=\"elementor-widget-container\">\n\t\t\t\t\t\t\t\t\t<p>.<\/p>\t\t\t\t\t\t\t\t<\/div>\n\t\t\t\t<\/div>\n\t\t\t\t<div class=\"elementor-element elementor-element-6120d1e5 elementor-widget__width-initial elementor-widget elementor-widget-text-editor\" data-id=\"6120d1e5\" data-element_type=\"widget\" data-e-type=\"widget\" data-widget_type=\"text-editor.default\">\n\t\t\t\t<div class=\"elementor-widget-container\">\n\t\t\t\t\t\t\t\t\t<p>Mai 2022<\/p>\t\t\t\t\t\t\t\t<\/div>\n\t\t\t\t<\/div>\n\t\t\t\t<div class=\"elementor-element elementor-element-1aab2c94 elementor-widget__width-initial elementor-widget-divider--view-line elementor-widget elementor-widget-divider\" data-id=\"1aab2c94\" data-element_type=\"widget\" data-e-type=\"widget\" data-widget_type=\"divider.default\">\n\t\t\t\t<div class=\"elementor-widget-container\">\n\t\t\t\t\t\t\t<div class=\"elementor-divider\">\n\t\t\t<span class=\"elementor-divider-separator\">\n\t\t\t\t\t\t<\/span>\n\t\t<\/div>\n\t\t\t\t\t\t<\/div>\n\t\t\t\t<\/div>\n\t\t\t\t<div class=\"elementor-element elementor-element-34793a1f elementor-widget__width-initial elementor-widget elementor-widget-heading\" data-id=\"34793a1f\" data-element_type=\"widget\" data-e-type=\"widget\" data-widget_type=\"heading.default\">\n\t\t\t\t<div class=\"elementor-widget-container\">\n\t\t\t\t\t<h2 class=\"elementor-heading-title elementor-size-default\">Lancement mondial du produit<\/h2>\t\t\t\t<\/div>\n\t\t\t\t<\/div>\n\t\t\t\t<div class=\"elementor-element elementor-element-50b6670f elementor-widget elementor-widget-text-editor\" data-id=\"50b6670f\" data-element_type=\"widget\" data-e-type=\"widget\" data-widget_type=\"text-editor.default\">\n\t\t\t\t<div class=\"elementor-widget-container\">\n\t\t\t\t\t\t\t\t\t<div class=\"bg-white\"><p>Puis vint le jour o\u00f9 Swap Adipex AI fit ses d\u00e9buts mondiaux. La livraison d&rsquo;une technologie de trading de pointe aux utilisateurs du monde entier a marqu\u00e9 une \u00e9tape cruciale dans notre parcours in\u00e9branlable visant \u00e0 r\u00e9volutionner l&rsquo;industrie du trading. <\/p><\/div>\t\t\t\t\t\t\t\t<\/div>\n\t\t\t\t<\/div>\n\t\t\t\t\t<\/div>\n\t\t<\/div>\n\t\t\t\t\t<\/div>\n\t\t<\/section>\n\t\t\t\t<section class=\"elementor-section elementor-top-section elementor-element elementor-element-11c97093 elementor-section-content-middle elementor-section-boxed elementor-section-height-default elementor-section-height-default\" data-id=\"11c97093\" data-element_type=\"section\" data-e-type=\"section\" data-settings=\"{&quot;_ha_eqh_enable&quot;:false}\">\n\t\t\t\t\t\t<div class=\"elementor-container elementor-column-gap-default\">\n\t\t\t\t\t<div class=\"elementor-column elementor-col-100 elementor-top-column elementor-element elementor-element-655ad3e4\" data-id=\"655ad3e4\" data-element_type=\"column\" data-e-type=\"column\" data-settings=\"{&quot;background_background&quot;:&quot;gradient&quot;}\">\n\t\t\t<div class=\"elementor-widget-wrap elementor-element-populated\">\n\t\t\t\t\t\t<div class=\"elementor-element elementor-element-38ca4eaa elementor-widget elementor-widget-heading\" data-id=\"38ca4eaa\" data-element_type=\"widget\" data-e-type=\"widget\" data-widget_type=\"heading.default\">\n\t\t\t\t<div class=\"elementor-widget-container\">\n\t\t\t\t\t<h2 class=\"elementor-heading-title elementor-size-default\">\u00c9levez vos comp\u00e9tences en trading<\/h2>\t\t\t\t<\/div>\n\t\t\t\t<\/div>\n\t\t\t\t<div class=\"elementor-element elementor-element-2822dd43 elementor-widget__width-initial elementor-widget-mobile__width-inherit elementor-widget-tablet__width-initial elementor-widget elementor-widget-text-editor\" data-id=\"2822dd43\" data-element_type=\"widget\" data-e-type=\"widget\" data-widget_type=\"text-editor.default\">\n\t\t\t\t<div class=\"elementor-widget-container\">\n\t\t\t\t\t\t\t\t\t<p class=\"mx-auto mt-6 max-w-xl text-lg leading-8 text-gray-300 st-hover\">Entrez dans l&rsquo;avenir du trading d&rsquo;actifs avec notre plateforme innovante Swap Adipex AI, une int\u00e9gration de pointe de l&rsquo;IA et du Big Data offrant une ma\u00eetrise supr\u00eame du trading. Nous visons \u00e0 permettre aux traders de d\u00e9jouer les march\u00e9s avec pr\u00e9cision et finesse. <\/p>\t\t\t\t\t\t\t\t<\/div>\n\t\t\t\t<\/div>\n\t\t\t\t<section class=\"elementor-section elementor-inner-section elementor-element elementor-element-4bc42a2a elementor-section-boxed elementor-section-height-default elementor-section-height-default\" data-id=\"4bc42a2a\" data-element_type=\"section\" data-e-type=\"section\" data-settings=\"{&quot;_ha_eqh_enable&quot;:false}\">\n\t\t\t\t\t\t<div class=\"elementor-container elementor-column-gap-default\">\n\t\t\t\t\t<div class=\"elementor-column elementor-col-100 elementor-inner-column elementor-element elementor-element-2e248bc0\" data-id=\"2e248bc0\" data-element_type=\"column\" data-e-type=\"column\">\n\t\t\t<div class=\"elementor-widget-wrap elementor-element-populated\">\n\t\t\t\t\t\t<div class=\"elementor-element elementor-element-112a479b elementor-align-justify elementor-widget__width-initial elementor-mobile-align-justify elementor-widget-mobile__width-initial elementor-widget-tablet__width-initial elementor-widget elementor-widget-button\" data-id=\"112a479b\" data-element_type=\"widget\" data-e-type=\"widget\" data-widget_type=\"button.default\">\n\t\t\t\t<div class=\"elementor-widget-container\">\n\t\t\t\t\t\t\t\t\t<div class=\"elementor-button-wrapper\">\n\t\t\t\t\t<a class=\"elementor-button elementor-button-link elementor-size-sm\" href=\"https:\/\/darkred-salmon-810617.hostingersite.com\/fr\/\" target=\"_blank\" rel=\"noopener\">\n\t\t\t\t\t\t<span class=\"elementor-button-content-wrapper\">\n\t\t\t\t\t\t<span class=\"elementor-button-icon\">\n\t\t\t\t<svg aria-hidden=\"true\" class=\"e-font-icon-svg e-fas-long-arrow-alt-right\" viewBox=\"0 0 448 512\" xmlns=\"http:\/\/www.w3.org\/2000\/svg\"><path d=\"M313.941 216H12c-6.627 0-12 5.373-12 12v56c0 6.627 5.373 12 12 12h301.941v46.059c0 21.382 25.851 32.09 40.971 16.971l86.059-86.059c9.373-9.373 9.373-24.569 0-33.941l-86.059-86.059c-15.119-15.119-40.971-4.411-40.971 16.971V216z\"><\/path><\/svg>\t\t\t<\/span>\n\t\t\t\t\t\t\t\t\t<span class=\"elementor-button-text\">Commencer<\/span>\n\t\t\t\t\t<\/span>\n\t\t\t\t\t<\/a>\n\t\t\t\t<\/div>\n\t\t\t\t\t\t\t\t<\/div>\n\t\t\t\t<\/div>\n\t\t\t\t\t<\/div>\n\t\t<\/div>\n\t\t\t\t\t<\/div>\n\t\t<\/section>\n\t\t\t\t\t<\/div>\n\t\t<\/div>\n\t\t\t\t\t<\/div>\n\t\t<\/section>\n\t\t\t\t<\/div>\n\t\t","protected":false},"excerpt":{"rendered":"<p>\u00c0 propos de nous R\u00e9unis des quatre coins du monde, nous sommes un groupe de traders exp\u00e9riment\u00e9s et de sp\u00e9cialistes de l&rsquo;IA qui ont uni leurs forces pour cr\u00e9er Swap Adipex AI, une plateforme de trading exceptionnelle, reconnue pour sa pr\u00e9cision et sa rapidit\u00e9. En substance, nous sommes un ensemble d&rsquo;experts enthousiastes issus des quatre [&hellip;]<\/p>\n","protected":false},"author":4,"featured_media":0,"parent":0,"menu_order":0,"comment_status":"closed","ping_status":"closed","template":"","meta":{"footnotes":""},"class_list":["post-809","page","type-page","status-publish","hentry"],"_links":{"self":[{"href":"https:\/\/swapadipexai.io\/fr\/wp-json\/wp\/v2\/pages\/809","targetHints":{"allow":["GET"]}}],"collection":[{"href":"https:\/\/swapadipexai.io\/fr\/wp-json\/wp\/v2\/pages"}],"about":[{"href":"https:\/\/swapadipexai.io\/fr\/wp-json\/wp\/v2\/types\/page"}],"author":[{"embeddable":true,"href":"https:\/\/swapadipexai.io\/fr\/wp-json\/wp\/v2\/users\/4"}],"replies":[{"embeddable":true,"href":"https:\/\/swapadipexai.io\/fr\/wp-json\/wp\/v2\/comments?post=809"}],"version-history":[{"count":2,"href":"https:\/\/swapadipexai.io\/fr\/wp-json\/wp\/v2\/pages\/809\/revisions"}],"predecessor-version":[{"id":814,"href":"https:\/\/swapadipexai.io\/fr\/wp-json\/wp\/v2\/pages\/809\/revisions\/814"}],"wp:attachment":[{"href":"https:\/\/swapadipexai.io\/fr\/wp-json\/wp\/v2\/media?parent=809"}],"curies":[{"name":"wp","href":"https:\/\/api.w.org\/{rel}","templated":true}]}}